{"id":45,"date":"2020-07-25T16:33:28","date_gmt":"2020-07-25T16:33:28","guid":{"rendered":"https:\/\/finkelstein.com.br\/?page_id=45"},"modified":"2025-03-31T11:47:39","modified_gmt":"2025-03-31T14:47:39","slug":"socios","status":"publish","type":"page","link":"https:\/\/finkelstein.com.br\/en\/socios\/","title":{"rendered":"Partners"},"content":{"rendered":"<div class=\"wp-block-group has-global-padding is-layout-constrained wp-block-group-is-layout-constrained\">\n\n\n<div class=\"wp-block-group has-global-padding is-layout-constrained wp-block-group-is-layout-constrained\">\n<figure class=\"wp-block-image size-full\"><img loading=\"lazy\" decoding=\"async\" width=\"225\" height=\"225\" src=\"https:\/\/finkelstein.com.br\/wp-content\/uploads\/2024\/05\/claudio.jpeg\" alt=\"\" class=\"wp-image-315\" srcset=\"https:\/\/finkelstein.com.br\/wp-content\/uploads\/2024\/05\/claudio.jpeg 225w, https:\/\/finkelstein.com.br\/wp-content\/uploads\/2024\/05\/claudio-150x150.jpeg 150w, https:\/\/finkelstein.com.br\/wp-content\/uploads\/2024\/05\/claudio-12x12.jpeg 12w\" sizes=\"(max-width: 225px) 100vw, 225px\" \/><\/figure>\n<\/div>\n\n\n\n\n\n<strong>Cl\u00e1udio Finkelstein<\/strong>\n\n\n\n<span style=\"color: #c0504d;\"><\/span><em>Contracts Law, Corporate matters, Private and Public International law<\/em><br><br>Graduado em Direito pela Pontif\u00edcia Universidade Cat\u00f3lica de S\u00e3o Paulo (PUC-SP) em 1989, o Professor Cl\u00e1udio Finkelstein possui um LL.M. em Direito Internacional pela Universidade de Miami, onde escreveu sua tese sobre o \u201cMercado Comum do Sul \u2013 MERCOSUL\u201d. Em 2000, obteve o t\u00edtulo de Doutor pela PUC-SP com a tese &#8220;Processo de Forma\u00e7\u00e3o de Mercados de Bloco&#8221;. Em 2011, obteve a Livre-Doc\u00eancia em Direito Internacional pela PUC-SP com a tese &#8220;Jus Cogens como Paradigma do Metaconstitucionalismo de Direito Internacional&#8221;. Atualmente, est\u00e1 realizando seu P\u00f3s-Doutorado na Bucerius Law School, em Hamburgo, focando no tema &#8220;Arbitragem e Corrup\u00e7\u00e3o&#8221;. <br><br>Professor Cl\u00e1udio \u00e9 autor de in\u00fameros trabalhos publicados no Brasil e no exterior, incluindo os livros &#8220;MERCOSUL \u2013 Li\u00e7\u00f5es do Per\u00edodo de Transitoriedade&#8221; (em coautoria com Celso R. Bastos), &#8220;O Processo de Forma\u00e7\u00e3o de Mercados de Bloco&#8221;, &#8220;Manual de Direito Internacional&#8221; e &#8220;Jus Cogens e Metaconstitucionalismo&#8221;. Publicou in\u00fameros artigos em direito internacional e arbitragem, e \u00e9 convidado regularmente para palestrar em eventos acad\u00eamicos internacionais em pa\u00edses como Alemanha, It\u00e1lia, Estados Unidos, Fran\u00e7a, Chile, Argentina e \u00c1ustria. <br><br>He is currently a professor at both the undergraduate and postgraduate levels at PUC-SP, where he coordinates the PhD and Master\u2019s Programs in International Economic Relations Law, as well as the COGEAE\/SP Extension Course in Arbitration and the Study Group on Arbitration and International Trade. He also coordinates the International Contracts Course at the Instituto Internacional de Ci\u00eancias Sociais (IICS\/CEU Brasil) and heads the International Law Department at the Brazilian Institute of Constitutional Law. He serves as Vice President of the Brazilian Society of International Law (SBDI), is a member of the Ethics Council of the Paulista Football Federation, editor of the Revista de Direito Constitucional e Internacional (Constitutional and International Law Journal) published by RT, and a member of the Editorial Board of the CIFILE Journal of International Law. <br><br>In the field of arbitration, Cl\u00e1udio serves as a lawyer, legal opinion expert, and arbitrator at some of the world\u2019s leading arbitral institutions, including CAM-CCBC, ICC, the CIESP\/FIESP Chamber of Conciliation, Mediation and Arbitration, AMCHAM, and CAM B3. He is a member of the ICC Commission on Arbitration and ADR (Brazil and Global). In addition, he plays a vital role in training new generations of lawyers, coordinating study groups and both national and international academic competitions.\n\n\n\n<p><span style=\"font-size: 15px; font-style: normal; font-weight: 400;\"><\/span><\/p>\n\n\n\n<p><\/p>\n\n\n<\/div>\n\n\n\n<div class=\"wp-block-group has-global-padding is-layout-constrained wp-block-group-is-layout-constrained\">\n\n\n<figure class=\"wp-block-image size-full\"><img loading=\"lazy\" decoding=\"async\" width=\"698\" height=\"592\" src=\"https:\/\/finkelstein.com.br\/wp-content\/uploads\/2024\/05\/Screenshot-2024-05-26-at-09.12.06.png\" alt=\"\" class=\"wp-image-321\" srcset=\"https:\/\/finkelstein.com.br\/wp-content\/uploads\/2024\/05\/Screenshot-2024-05-26-at-09.12.06.png 698w, https:\/\/finkelstein.com.br\/wp-content\/uploads\/2024\/05\/Screenshot-2024-05-26-at-09.12.06-300x254.png 300w, https:\/\/finkelstein.com.br\/wp-content\/uploads\/2024\/05\/Screenshot-2024-05-26-at-09.12.06-14x12.png 14w\" sizes=\"(max-width: 698px) 100vw, 698px\" \/><\/figure>\n\n\n\n\n\n<strong>Maria Eug\u00eania Finkelstein<\/strong><br><br><em>Corporate Law, International Joint Ventures<\/em><br><br>She holds a PhD in Commercial Law from the University of S\u00e3o Paulo (USP) and also holds a Master\u2019s degree in Law from the Pontifical Catholic University of S\u00e3o Paulo (PUC-SP). She is currently a professor at the PUC-SP Law School and a visiting professor at prestigious international institutions such as the Instituto de Empresa in Madrid and the Universidad de Castilla La Mancha in Spain.<br><br>Throughout her career, Maria Eug\u00eania has distinguished herself in the field of Commercial Law, significantly contributing to both the academic and practical development of this area in Brazil. Her research interests include publicly-held corporations, international joint ventures, e-commerce, and internet regulation. In addition to her academic activities, she is a founding partner of the law firm Finkelstein Advogados, located in S\u00e3o Paulo, where she manages and advises on major projects in the national and international legal arena.<br><br>Maria Eug\u00eania is the author of numerous books and articles published in renowned legal journals, with her works serving as a key reference in the study of business law. She actively participates in master\u2019s and doctoral examination committees, contributing to the education of new legal professionals.<br><p style=\"box-sizing: inherit; border: 0px; font-size: 15px; margin: 0px 0px 1.6em; outline: 0px; padding: 0px; vertical-align: baseline; overflow-wrap: break-word; color: #3a3a3a; font-family: -apple-system, BlinkMacSystemFont, 'Segoe UI', Roboto, Oxygen-Sans, Ubuntu, Cantarell, 'Helvetica Neue', sans-serif;\"><\/p>\n\n\n<\/div>\n\n\n\n<div class=\"wp-block-group has-global-padding is-layout-constrained wp-block-group-is-layout-constrained\">\n\n\n\n\n\n\n<p style=\"box-sizing: inherit; border: 0px; font-size: 15px; margin: 0px 0px 1.6em; outline: 0px; padding: 0px; vertical-align: baseline; overflow-wrap: break-word; font-family: -apple-system, BlinkMacSystemFont, 'Segoe UI', Roboto, Oxygen-Sans, Ubuntu, Cantarell, 'Helvetica Neue', sans-serif;\"><\/p><strong>Luciana Palma de Godoi<\/strong><br><br>Graduated from Pontifical Catholic University of S\u00e3o Paulo (PUC-SP), where she is currently pursuing a Postgraduate Degree in Contract Law\u2014one of the key practice areas of Finkelstein Advogados. In addition to this field, she works in other areas developed by the firm, with a focus on Corporate Law and Arbitration. She is also engaged in academic activities, having served for two years as a teaching assistant in the Corporate Law course at GVLaw, Funda\u00e7\u00e3o Getulio Vargas. Furthermore, she contributes to assisting clients of various nationalities, leveraging her proficiency in English and French.\n\n\n\n<p><\/p>\n\n\n\n\n\n\n\n<p><\/p>\n\n\n\n\n<\/div>\n\n\n\n\n\n<figure class=\"wp-block-image size-full\"><img loading=\"lazy\" decoding=\"async\" width=\"543\" height=\"543\" src=\"https:\/\/finkelstein.com.br\/wp-content\/uploads\/2024\/05\/image.png\" alt=\"\" class=\"wp-image-306\" srcset=\"https:\/\/finkelstein.com.br\/wp-content\/uploads\/2024\/05\/image.png 543w, https:\/\/finkelstein.com.br\/wp-content\/uploads\/2024\/05\/image-300x300.png 300w, https:\/\/finkelstein.com.br\/wp-content\/uploads\/2024\/05\/image-150x150.png 150w, https:\/\/finkelstein.com.br\/wp-content\/uploads\/2024\/05\/image-12x12.png 12w\" sizes=\"(max-width: 543px) 100vw, 543px\" \/><\/figure>\n\n\n\n\n\n<p><strong>Maria Isabel Montes<\/strong>\u2003<\/p>\n\n\n\n<p>Advogada, formada em Direito pela Universidade de S\u00e3o Paulo (2019), curso de ver\u00e3o em Arbitragem Internacional pela Universidade de Leiden em coopera\u00e7\u00e3o com a Corte Permanente de Arbitragem &#8211; PCA (2016), <em>Master of Laws<\/em> and a Certificate of Specialization in Business Law from UC Berkeley School of Law (2021). Arbitrator in a proceeding administered by the Cindes\/Findes Mediation, Conciliation, and Arbitration Chamber (2024). Assistant Professor in the Arbitration course at PUC-SP\u2019s Continuing Education Program (formerly COGEAE), coordinated by Professor Cl\u00e1udio Finkelstein. Former member of the Center for Studies and Research in Arbitration (CEPArb-USP), contributing to the preparation of Digests of Decisions on Challenges to Arbitrators for CAMARB and the CIESP\/FIESP Mediation, Conciliation, and Arbitration Chamber.<\/p>\n\n\n\n\n\n\n\n<figure class=\"wp-block-image size-full\"><img loading=\"lazy\" decoding=\"async\" width=\"756\" height=\"756\" src=\"https:\/\/finkelstein.com.br\/wp-content\/uploads\/2025\/03\/4cc19467-a4dd-4b07-b1ab-ddb946a99a64-1.jpg\" alt=\"\" class=\"wp-image-340\" srcset=\"https:\/\/finkelstein.com.br\/wp-content\/uploads\/2025\/03\/4cc19467-a4dd-4b07-b1ab-ddb946a99a64-1.jpg 756w, https:\/\/finkelstein.com.br\/wp-content\/uploads\/2025\/03\/4cc19467-a4dd-4b07-b1ab-ddb946a99a64-1-300x300.jpg 300w, https:\/\/finkelstein.com.br\/wp-content\/uploads\/2025\/03\/4cc19467-a4dd-4b07-b1ab-ddb946a99a64-1-150x150.jpg 150w, https:\/\/finkelstein.com.br\/wp-content\/uploads\/2025\/03\/4cc19467-a4dd-4b07-b1ab-ddb946a99a64-1-12x12.jpg 12w\" sizes=\"(max-width: 756px) 100vw, 756px\" \/><\/figure>\n\n\n\n\n\n<p><strong>F\u00e1bio T\u00e2mbara<\/strong><\/p>\n\n\n\n<p>Lawyer, holding a Law degree from PUC-SP (2023). Master's candidate in Business Law at PUC-SP. Assistant Professor in the Corporate Law course at PUC-SP\u2019s Continuing Education Program (formerly COGEAE), coordinated by Professor Maria Eug\u00eania Finkelstein.<\/p>\n\n\n\n\n\n\n\n<figure class=\"wp-block-image size-large\"><img loading=\"lazy\" decoding=\"async\" width=\"1016\" height=\"1024\" src=\"https:\/\/finkelstein.com.br\/wp-content\/uploads\/2025\/03\/WhatsApp-Image-2025-03-31-at-10.42.04-1016x1024.jpeg\" alt=\"\" class=\"wp-image-334\" srcset=\"https:\/\/finkelstein.com.br\/wp-content\/uploads\/2025\/03\/WhatsApp-Image-2025-03-31-at-10.42.04-1016x1024.jpeg 1016w, https:\/\/finkelstein.com.br\/wp-content\/uploads\/2025\/03\/WhatsApp-Image-2025-03-31-at-10.42.04-298x300.jpeg 298w, https:\/\/finkelstein.com.br\/wp-content\/uploads\/2025\/03\/WhatsApp-Image-2025-03-31-at-10.42.04-150x150.jpeg 150w, https:\/\/finkelstein.com.br\/wp-content\/uploads\/2025\/03\/WhatsApp-Image-2025-03-31-at-10.42.04-12x12.jpeg 12w, https:\/\/finkelstein.com.br\/wp-content\/uploads\/2025\/03\/WhatsApp-Image-2025-03-31-at-10.42.04.jpeg 1270w\" sizes=\"(max-width: 1016px) 100vw, 1016px\" \/><\/figure>\n\n\n\n\n\n<p><strong>Laura Brevilieri<\/strong><\/p>\n\n\n\n<p>Lawyer graduated from the University of S\u00e3o Paulo (2022), holding a double degree in Law from Universit\u00e9 Jean Monnet St. Etienne and academic experience at the University of Porto. Currently pursuing a Postgraduate Degree in Contract Law at Funda\u00e7\u00e3o Getulio Vargas. During her undergraduate studies, she represented the USP team in the XI Brazilian Competition on Arbitration and Business Mediation (CAMARB, 2020), in which the team was the runner-up and received an award for one of the best memoranda in the competition. Additionally, she participated in the written phase of the 29th Willem C. Vis International Commercial Arbitration Moot and the 19th Vis East Moot (2021).<\/p>","protected":false},"excerpt":{"rendered":"","protected":false},"author":1,"featured_media":0,"parent":0,"menu_order":0,"comment_status":"closed","ping_status":"closed","template":"","meta":{"pagelayer_contact_templates":[],"_pagelayer_content":"","footnotes":""},"_links":{"self":[{"href":"https:\/\/finkelstein.com.br\/en\/wp-json\/wp\/v2\/pages\/45"}],"collection":[{"href":"https:\/\/finkelstein.com.br\/en\/wp-json\/wp\/v2\/pages"}],"about":[{"href":"https:\/\/finkelstein.com.br\/en\/wp-json\/wp\/v2\/types\/page"}],"author":[{"embeddable":true,"href":"https:\/\/finkelstein.com.br\/en\/wp-json\/wp\/v2\/users\/1"}],"replies":[{"embeddable":true,"href":"https:\/\/finkelstein.com.br\/en\/wp-json\/wp\/v2\/comments?post=45"}],"version-history":[{"count":43,"href":"https:\/\/finkelstein.com.br\/en\/wp-json\/wp\/v2\/pages\/45\/revisions"}],"predecessor-version":[{"id":344,"href":"https:\/\/finkelstein.com.br\/en\/wp-json\/wp\/v2\/pages\/45\/revisions\/344"}],"wp:attachment":[{"href":"https:\/\/finkelstein.com.br\/en\/wp-json\/wp\/v2\/media?parent=45"}],"curies":[{"name":"wp","href":"https:\/\/api.w.org\/{rel}","templated":true}]}}