{"id":71,"date":"2020-07-25T18:20:52","date_gmt":"2020-07-25T18:20:52","guid":{"rendered":"https:\/\/finkelstein.com.br\/?page_id=71"},"modified":"2024-05-25T17:27:57","modified_gmt":"2024-05-25T17:27:57","slug":"finkelstein-advogados","status":"publish","type":"page","link":"https:\/\/finkelstein.com.br\/en\/","title":{"rendered":""},"content":{"rendered":"<p>[pl_row pagelayer-id=&#8221;sFVkd5HesKPaPogc&#8221; stretch=&#8221;auto&#8221; col_gap=&#8221;10&#8243; width_content=&#8221;auto&#8221; row_height=&#8221;default&#8221; overlay_hover_delay=&#8221;400&#8243; row_shape_top_color=&#8221;#227bc3&#8243; row_shape_top_width=&#8221;100&#8243; row_shape_top_height=&#8221;100&#8243; row_shape_bottom_color=&#8221;#e44993&#8243; row_shape_bottom_width=&#8221;100&#8243; row_shape_bottom_height=&#8221;100&#8243;]<br \/>\n[pl_col pagelayer-id=&#8221;lZvq6R6Sq2fS2fsX&#8221; widget_space=&#8221;15&#8243; overlay_hover_delay=&#8221;400&#8243;]<br \/>\n[pl_text pagelayer-id=&#8221;bue0lryIPDD10sDE&#8221; ]<\/p>\n<p><strong>Finkelstein Advogados<\/strong> \u00e9 um escrit\u00f3rio de advocacia boutique situado na nobre regi\u00e3o da Av. Paulista, em S\u00e3o Paulo, Brasil. Especializado em direito internacional, comercial e empresarial, nosso escrit\u00f3rio se destaca por oferecer servi\u00e7os especializados e personalizados, com uma estrutura econ\u00f4mica que permite repassar custos mais acess\u00edveis aos clientes.<\/p>\n<p>Composta por profissionais que s\u00e3o reconhecidos contribuintes no \u00e2mbito acad\u00eamico, nossa equipe \u00e9 altamente qualificada em consultoria empresarial, fus\u00f5es e aquisi\u00e7\u00f5es, contratos e arbitragem. Nossa abordagem integra rigorosa erudi\u00e7\u00e3o jur\u00eddica com solu\u00e7\u00f5es pr\u00e1ticas e inovadoras, posicionando-nos como um parceiro confi\u00e1vel para enfrentar desafios legais complexos.<\/p>\n<p>[\/pl_text]<br \/>\n[\/pl_col]<br \/>\n[\/pl_row]<\/p>","protected":false},"excerpt":{"rendered":"<p>[pl_row pagelayer-id=&#8221;sFVkd5HesKPaPogc&#8221; stretch=&#8221;auto&#8221; col_gap=&#8221;10&#8243; width_content=&#8221;auto&#8221; row_height=&#8221;default&#8221; overlay_hover_delay=&#8221;400&#8243; row_shape_top_color=&#8221;#227bc3&#8243; row_shape_top_width=&#8221;100&#8243; row_shape_top_height=&#8221;100&#8243; row_shape_bottom_color=&#8221;#e44993&#8243; row_shape_bottom_width=&#8221;100&#8243; row_shape_bottom_height=&#8221;100&#8243;] [pl_col pagelayer-id=&#8221;lZvq6R6Sq2fS2fsX&#8221; widget_space=&#8221;15&#8243; overlay_hover_delay=&#8221;400&#8243;] [pl_text pagelayer-id=&#8221;bue0lryIPDD10sDE&#8221; ] Finkelstein Advogados \u00e9 um escrit\u00f3rio de advocacia boutique situado na nobre regi\u00e3o da Av. Paulista, em S\u00e3o Paulo, Brasil. Especializado em direito internacional, comercial e empresarial, nosso escrit\u00f3rio se destaca por oferecer servi\u00e7os especializados e &hellip; <\/p>\n<p class=\"link-more\"><a href=\"https:\/\/finkelstein.com.br\/en\/\" class=\"more-link\">Read more<span class=\"screen-reader-text\"> &#8220;&#8221;<\/span><\/a><\/p>","protected":false},"author":1,"featured_media":290,"parent":0,"menu_order":0,"comment_status":"closed","ping_status":"closed","template":"","meta":{"pagelayer_contact_templates":[],"_pagelayer_content":"","footnotes":""},"_links":{"self":[{"href":"https:\/\/finkelstein.com.br\/en\/wp-json\/wp\/v2\/pages\/71"}],"collection":[{"href":"https:\/\/finkelstein.com.br\/en\/wp-json\/wp\/v2\/pages"}],"about":[{"href":"https:\/\/finkelstein.com.br\/en\/wp-json\/wp\/v2\/types\/page"}],"author":[{"embeddable":true,"href":"https:\/\/finkelstein.com.br\/en\/wp-json\/wp\/v2\/users\/1"}],"replies":[{"embeddable":true,"href":"https:\/\/finkelstein.com.br\/en\/wp-json\/wp\/v2\/comments?post=71"}],"version-history":[{"count":20,"href":"https:\/\/finkelstein.com.br\/en\/wp-json\/wp\/v2\/pages\/71\/revisions"}],"predecessor-version":[{"id":300,"href":"https:\/\/finkelstein.com.br\/en\/wp-json\/wp\/v2\/pages\/71\/revisions\/300"}],"wp:featuredmedia":[{"embeddable":true,"href":"https:\/\/finkelstein.com.br\/en\/wp-json\/wp\/v2\/media\/290"}],"wp:attachment":[{"href":"https:\/\/finkelstein.com.br\/en\/wp-json\/wp\/v2\/media?parent=71"}],"curies":[{"name":"wp","href":"https:\/\/api.w.org\/{rel}","templated":true}]}}